{"id":97,"date":"2023-02-27T21:39:40","date_gmt":"2023-02-27T21:39:40","guid":{"rendered":"http:\/\/finecolangtest.local\/?page_id=97"},"modified":"2023-03-03T03:10:21","modified_gmt":"2023-03-03T03:10:21","slug":"about-us","status":"publish","type":"page","link":"https:\/\/finecogastropub.com\/fr\/about-us\/","title":{"rendered":"\u00c0 propos de nous"},"content":{"rendered":"<div style=\"height:40vh\" aria-hidden=\"true\" class=\"wp-block-spacer fineco-about-us-spacer\"><\/div>\n\n\n\n<h1 class=\"has-text-align-center fineco-about-us wp-block-heading\">\u00c0 propos de nous<\/h1>\n\n\n\n<div class=\"wp-block-group fineco-about-text-group has-global-padding is-layout-constrained wp-block-group-is-layout-constrained\">\n<p><\/p>\n\n\n\n<p class=\"has-text-align-center\">The Fine Company Gastropub est notre lettre d&#039;amour \u00e0 la c\u00f4te Est.<\/p>\n\n\n\n<p class=\"has-text-align-center\">Ancr\u00e9s par les d\u00e9licieuses bi\u00e8res provenant de Fine Company Brewing \u00e0 Moncton, au Nouveau-Brunswick, nous mettons en valeur l&#039;incroyable diversit\u00e9, les saveurs et les gens derri\u00e8re la table maritime.<\/p>\n\n\n\n<p class=\"has-text-align-center\">Vivez l&#039;exp\u00e9rience d&#039;un pub gastronomique hyper-local avec des tartes savoureuses faites \u00e0 la main, des fruits de mer des Maritimes, le Halifax Donair de renomm\u00e9e mondiale, des bi\u00e8res artisanales n\u00e9o-\u00e9cossaises, des cocktails, des vins et plus encore.<\/p>\n\n\n\n<figure class=\"wp-block-image aligncenter size-full\"><a href=\"\/fr\/\"><img decoding=\"async\" width=\"186\" height=\"191\" data-src=\"https:\/\/finecogastropub.com\/wp-content\/uploads\/2023\/03\/fineco-about-us-logo.png\" alt=\"\" class=\"wp-image-125 lazyload\" data-srcset=\"https:\/\/finecogastropub.com\/wp-content\/uploads\/2023\/03\/fineco-about-us-logo.png 186w, https:\/\/finecogastropub.com\/wp-content\/uploads\/2023\/03\/fineco-about-us-logo-12x12.png 12w\" data-sizes=\"(max-width: 186px) 100vw, 186px\" src=\"data:image\/svg+xml;base64,PHN2ZyB3aWR0aD0iMSIgaGVpZ2h0PSIxIiB4bWxucz0iaHR0cDovL3d3dy53My5vcmcvMjAwMC9zdmciPjwvc3ZnPg==\" style=\"--smush-placeholder-width: 186px; --smush-placeholder-aspect-ratio: 186\/191;\" \/><\/a><\/figure>\n\n\n\n<h3 class=\"has-text-align-center wp-block-heading\"><a href=\"\/fr\/\">retour \u00e0 la page d'accueil<\/a><\/h3>\n\n\n\n<div style=\"height:5rem\" aria-hidden=\"true\" class=\"wp-block-spacer\"><\/div>\n\n\n\n<h3 class=\"has-text-align-center wp-block-heading\">nous sommes a part<\/h3>\n\n\n\n<figure class=\"wp-block-image aligncenter size-full is-resized\"><img decoding=\"async\" data-src=\"https:\/\/finecogastropub.com\/wp-content\/uploads\/2023\/03\/fineco-about-fhg-logo.png\" alt=\"\" class=\"wp-image-126 lazyload\" width=\"173\" height=\"160\" data-srcset=\"https:\/\/finecogastropub.com\/wp-content\/uploads\/2023\/03\/fineco-about-fhg-logo.png 230w, https:\/\/finecogastropub.com\/wp-content\/uploads\/2023\/03\/fineco-about-fhg-logo-13x12.png 13w\" data-sizes=\"(max-width: 173px) 100vw, 173px\" src=\"data:image\/svg+xml;base64,PHN2ZyB3aWR0aD0iMSIgaGVpZ2h0PSIxIiB4bWxucz0iaHR0cDovL3d3dy53My5vcmcvMjAwMC9zdmciPjwvc3ZnPg==\" style=\"--smush-placeholder-width: 173px; --smush-placeholder-aspect-ratio: 173\/160;\" \/><\/figure>\n\n\n\n<figure class=\"wp-block-image aligncenter size-full\"><a href=\"https:\/\/firkinhg.com\" target=\"_blank\" rel=\"noreferrer noopener\"><img decoding=\"async\" width=\"246\" height=\"75\" data-src=\"https:\/\/finecogastropub.com\/wp-content\/uploads\/2023\/03\/fineco-about-us-fhg-button-fr.png\" alt=\"\" class=\"wp-image-128 lazyload\" data-srcset=\"https:\/\/finecogastropub.com\/wp-content\/uploads\/2023\/03\/fineco-about-us-fhg-button-fr.png 800w, https:\/\/finecogastropub.com\/wp-content\/uploads\/2023\/03\/fineco-about-us-fhg-button-fr-300x75.png 300w, https:\/\/finecogastropub.com\/wp-content\/uploads\/2023\/03\/fineco-about-us-fhg-button-fr-768x192.png 768w, https:\/\/finecogastropub.com\/wp-content\/uploads\/2023\/03\/fineco-about-us-fhg-button-fr-18x5.png 18w\" data-sizes=\"(max-width: 246px) 100vw, 246px\" src=\"data:image\/svg+xml;base64,PHN2ZyB3aWR0aD0iMSIgaGVpZ2h0PSIxIiB4bWxucz0iaHR0cDovL3d3dy53My5vcmcvMjAwMC9zdmciPjwvc3ZnPg==\" style=\"--smush-placeholder-width: 246px; --smush-placeholder-aspect-ratio: 246\/75;\" \/><\/a><\/figure>\n\n\n\n<div style=\"height:20px\" aria-hidden=\"true\" class=\"wp-block-spacer\"><\/div>\n<\/div>","protected":false},"excerpt":{"rendered":"<p>About Us The Fine Company Gastropub is our love letter to the East Coast. Anchored by the delicious brews coming from Fine Company Brewing in Moncton, New Brunswick, we are showcasing the incredible diversity, flavours &amp; people behind the maritime table. Taking the gastropub experience hyper-local with hand-made savoury pies, maritime seafood, world famous Halifax [&hellip;]<\/p>\n","protected":false},"author":1,"featured_media":0,"parent":0,"menu_order":0,"comment_status":"closed","ping_status":"closed","template":"wp-custom-template-temporary-about-us-page","meta":{"footnotes":""},"class_list":["post-97","page","type-page","status-publish","hentry"],"yoast_head":"<!-- This site is optimized with the Yoast SEO plugin v27.5 - https:\/\/yoast.com\/product\/yoast-seo-wordpress\/ -->\n<title>About Us - Fine Company Gastropub<\/title>\n<meta name=\"robots\" content=\"index, follow, max-snippet:-1, max-image-preview:large, max-video-preview:-1\" \/>\n<link rel=\"canonical\" href=\"https:\/\/finecogastropub.com\/fr\/about-us\/\" \/>\n<meta property=\"og:locale\" content=\"fr_CA\" \/>\n<meta property=\"og:type\" content=\"article\" \/>\n<meta property=\"og:title\" content=\"About Us - Fine Company Gastropub\" \/>\n<meta property=\"og:description\" content=\"About Us The Fine Company Gastropub is our love letter to the East Coast. Anchored by the delicious brews coming from Fine Company Brewing in Moncton, New Brunswick, we are showcasing the incredible diversity, flavours &amp; people behind the maritime table. Taking the gastropub experience hyper-local with hand-made savoury pies, maritime seafood, world famous Halifax [&hellip;]\" \/>\n<meta property=\"og:url\" content=\"https:\/\/finecogastropub.com\/fr\/about-us\/\" \/>\n<meta property=\"og:site_name\" content=\"Fine Company Gastropub\" \/>\n<meta property=\"article:modified_time\" content=\"2023-03-03T03:10:21+00:00\" \/>\n<meta property=\"og:image\" content=\"https:\/\/finecogastropub.com\/wp-content\/uploads\/2023\/03\/fineco-about-us-logo.png\" \/>\n<meta name=\"twitter:card\" content=\"summary_large_image\" \/>\n<script type=\"application\/ld+json\" class=\"yoast-schema-graph\">{\"@context\":\"https:\\\/\\\/schema.org\",\"@graph\":[{\"@type\":\"WebPage\",\"@id\":\"https:\\\/\\\/finecogastropub.com\\\/about-us\\\/\",\"url\":\"https:\\\/\\\/finecogastropub.com\\\/about-us\\\/\",\"name\":\"About Us - Fine Company Gastropub\",\"isPartOf\":{\"@id\":\"https:\\\/\\\/finecogastropub.com\\\/#website\"},\"primaryImageOfPage\":{\"@id\":\"https:\\\/\\\/finecogastropub.com\\\/about-us\\\/#primaryimage\"},\"image\":{\"@id\":\"https:\\\/\\\/finecogastropub.com\\\/about-us\\\/#primaryimage\"},\"thumbnailUrl\":\"https:\\\/\\\/finecogastropub.com\\\/wp-content\\\/uploads\\\/2023\\\/03\\\/fineco-about-us-logo.png\",\"datePublished\":\"2023-02-27T21:39:40+00:00\",\"dateModified\":\"2023-03-03T03:10:21+00:00\",\"breadcrumb\":{\"@id\":\"https:\\\/\\\/finecogastropub.com\\\/about-us\\\/#breadcrumb\"},\"inLanguage\":\"fr-CA\",\"potentialAction\":[{\"@type\":\"ReadAction\",\"target\":[\"https:\\\/\\\/finecogastropub.com\\\/about-us\\\/\"]}]},{\"@type\":\"ImageObject\",\"inLanguage\":\"fr-CA\",\"@id\":\"https:\\\/\\\/finecogastropub.com\\\/about-us\\\/#primaryimage\",\"url\":\"https:\\\/\\\/finecogastropub.com\\\/wp-content\\\/uploads\\\/2023\\\/03\\\/fineco-about-us-logo.png\",\"contentUrl\":\"https:\\\/\\\/finecogastropub.com\\\/wp-content\\\/uploads\\\/2023\\\/03\\\/fineco-about-us-logo.png\"},{\"@type\":\"BreadcrumbList\",\"@id\":\"https:\\\/\\\/finecogastropub.com\\\/about-us\\\/#breadcrumb\",\"itemListElement\":[{\"@type\":\"ListItem\",\"position\":1,\"name\":\"Home\",\"item\":\"https:\\\/\\\/finecogastropub.com\\\/\"},{\"@type\":\"ListItem\",\"position\":2,\"name\":\"About Us\"}]},{\"@type\":\"WebSite\",\"@id\":\"https:\\\/\\\/finecogastropub.com\\\/#website\",\"url\":\"https:\\\/\\\/finecogastropub.com\\\/\",\"name\":\"Fine Company Gastropub\",\"description\":\"Genuine Maritime Hospitality\",\"publisher\":{\"@id\":\"https:\\\/\\\/finecogastropub.com\\\/#organization\"},\"potentialAction\":[{\"@type\":\"SearchAction\",\"target\":{\"@type\":\"EntryPoint\",\"urlTemplate\":\"https:\\\/\\\/finecogastropub.com\\\/?s={search_term_string}\"},\"query-input\":{\"@type\":\"PropertyValueSpecification\",\"valueRequired\":true,\"valueName\":\"search_term_string\"}}],\"inLanguage\":\"fr-CA\"},{\"@type\":\"Organization\",\"@id\":\"https:\\\/\\\/finecogastropub.com\\\/#organization\",\"name\":\"Fine Company Gastropub\",\"url\":\"https:\\\/\\\/finecogastropub.com\\\/\",\"logo\":{\"@type\":\"ImageObject\",\"inLanguage\":\"fr-CA\",\"@id\":\"https:\\\/\\\/finecogastropub.com\\\/#\\\/schema\\\/logo\\\/image\\\/\",\"url\":\"https:\\\/\\\/finecogastropub.com\\\/wp-content\\\/uploads\\\/2023\\\/03\\\/fineco.png\",\"contentUrl\":\"https:\\\/\\\/finecogastropub.com\\\/wp-content\\\/uploads\\\/2023\\\/03\\\/fineco.png\",\"width\":957,\"height\":488,\"caption\":\"Fine Company Gastropub\"},\"image\":{\"@id\":\"https:\\\/\\\/finecogastropub.com\\\/#\\\/schema\\\/logo\\\/image\\\/\"},\"sameAs\":[\"https:\\\/\\\/www.instagram.com\\\/finecompanygastropub\\\/\"]}]}<\/script>\n<!-- \/ Yoast SEO plugin. -->","yoast_head_json":{"title":"About Us - Fine Company Gastropub","robots":{"index":"index","follow":"follow","max-snippet":"max-snippet:-1","max-image-preview":"max-image-preview:large","max-video-preview":"max-video-preview:-1"},"canonical":"https:\/\/finecogastropub.com\/fr\/about-us\/","og_locale":"fr_CA","og_type":"article","og_title":"About Us - Fine Company Gastropub","og_description":"About Us The Fine Company Gastropub is our love letter to the East Coast. Anchored by the delicious brews coming from Fine Company Brewing in Moncton, New Brunswick, we are showcasing the incredible diversity, flavours &amp; people behind the maritime table. Taking the gastropub experience hyper-local with hand-made savoury pies, maritime seafood, world famous Halifax [&hellip;]","og_url":"https:\/\/finecogastropub.com\/fr\/about-us\/","og_site_name":"Fine Company Gastropub","article_modified_time":"2023-03-03T03:10:21+00:00","og_image":[{"url":"https:\/\/finecogastropub.com\/wp-content\/uploads\/2023\/03\/fineco-about-us-logo.png","type":"","width":"","height":""}],"twitter_card":"summary_large_image","schema":{"@context":"https:\/\/schema.org","@graph":[{"@type":"WebPage","@id":"https:\/\/finecogastropub.com\/about-us\/","url":"https:\/\/finecogastropub.com\/about-us\/","name":"About Us - Fine Company Gastropub","isPartOf":{"@id":"https:\/\/finecogastropub.com\/#website"},"primaryImageOfPage":{"@id":"https:\/\/finecogastropub.com\/about-us\/#primaryimage"},"image":{"@id":"https:\/\/finecogastropub.com\/about-us\/#primaryimage"},"thumbnailUrl":"https:\/\/finecogastropub.com\/wp-content\/uploads\/2023\/03\/fineco-about-us-logo.png","datePublished":"2023-02-27T21:39:40+00:00","dateModified":"2023-03-03T03:10:21+00:00","breadcrumb":{"@id":"https:\/\/finecogastropub.com\/about-us\/#breadcrumb"},"inLanguage":"fr-CA","potentialAction":[{"@type":"ReadAction","target":["https:\/\/finecogastropub.com\/about-us\/"]}]},{"@type":"ImageObject","inLanguage":"fr-CA","@id":"https:\/\/finecogastropub.com\/about-us\/#primaryimage","url":"https:\/\/finecogastropub.com\/wp-content\/uploads\/2023\/03\/fineco-about-us-logo.png","contentUrl":"https:\/\/finecogastropub.com\/wp-content\/uploads\/2023\/03\/fineco-about-us-logo.png"},{"@type":"BreadcrumbList","@id":"https:\/\/finecogastropub.com\/about-us\/#breadcrumb","itemListElement":[{"@type":"ListItem","position":1,"name":"Home","item":"https:\/\/finecogastropub.com\/"},{"@type":"ListItem","position":2,"name":"About Us"}]},{"@type":"WebSite","@id":"https:\/\/finecogastropub.com\/#website","url":"https:\/\/finecogastropub.com\/","name":"Brasserie Fine Company","description":"Genuine Maritime Hospitality","publisher":{"@id":"https:\/\/finecogastropub.com\/#organization"},"potentialAction":[{"@type":"SearchAction","target":{"@type":"EntryPoint","urlTemplate":"https:\/\/finecogastropub.com\/?s={search_term_string}"},"query-input":{"@type":"PropertyValueSpecification","valueRequired":true,"valueName":"search_term_string"}}],"inLanguage":"fr-CA"},{"@type":"Organization","@id":"https:\/\/finecogastropub.com\/#organization","name":"Brasserie Fine Company","url":"https:\/\/finecogastropub.com\/","logo":{"@type":"ImageObject","inLanguage":"fr-CA","@id":"https:\/\/finecogastropub.com\/#\/schema\/logo\/image\/","url":"https:\/\/finecogastropub.com\/wp-content\/uploads\/2023\/03\/fineco.png","contentUrl":"https:\/\/finecogastropub.com\/wp-content\/uploads\/2023\/03\/fineco.png","width":957,"height":488,"caption":"Fine Company Gastropub"},"image":{"@id":"https:\/\/finecogastropub.com\/#\/schema\/logo\/image\/"},"sameAs":["https:\/\/www.instagram.com\/finecompanygastropub\/"]}]}},"_links":{"self":[{"href":"https:\/\/finecogastropub.com\/fr\/wp-json\/wp\/v2\/pages\/97","targetHints":{"allow":["GET"]}}],"collection":[{"href":"https:\/\/finecogastropub.com\/fr\/wp-json\/wp\/v2\/pages"}],"about":[{"href":"https:\/\/finecogastropub.com\/fr\/wp-json\/wp\/v2\/types\/page"}],"author":[{"embeddable":true,"href":"https:\/\/finecogastropub.com\/fr\/wp-json\/wp\/v2\/users\/1"}],"replies":[{"embeddable":true,"href":"https:\/\/finecogastropub.com\/fr\/wp-json\/wp\/v2\/comments?post=97"}],"version-history":[{"count":8,"href":"https:\/\/finecogastropub.com\/fr\/wp-json\/wp\/v2\/pages\/97\/revisions"}],"predecessor-version":[{"id":144,"href":"https:\/\/finecogastropub.com\/fr\/wp-json\/wp\/v2\/pages\/97\/revisions\/144"}],"wp:attachment":[{"href":"https:\/\/finecogastropub.com\/fr\/wp-json\/wp\/v2\/media?parent=97"}],"curies":[{"name":"wp","href":"https:\/\/api.w.org\/{rel}","templated":true}]}}